{"id":201,"date":"2025-05-12T20:07:55","date_gmt":"2025-05-12T18:07:55","guid":{"rendered":"http:\/\/brunoproducts.test\/koszyk\/"},"modified":"2025-10-08T13:12:26","modified_gmt":"2025-10-08T11:12:26","slug":"koszyk","status":"publish","type":"page","link":"https:\/\/staging.brunoproducts.nl\/pl\/koszyk\/","title":{"rendered":"Koszyk"},"content":{"rendered":"\n<div data-block-name=\"woocommerce\/cart\" class=\"wp-block-woocommerce-cart alignwide is-loading\">\n<div data-block-name=\"woocommerce\/filled-cart-block\" class=\"wp-block-woocommerce-filled-cart-block\">\n<div data-block-name=\"woocommerce\/cart-items-block\" class=\"wp-block-woocommerce-cart-items-block\">\n<div data-block-name=\"woocommerce\/cart-line-items-block\" class=\"wp-block-woocommerce-cart-line-items-block\"><\/div>\n\n\n\n<div data-block-name=\"woocommerce\/cart-cross-sells-block\" class=\"wp-block-woocommerce-cart-cross-sells-block\">\n<h2 class=\"wp-block-heading has-large-font-size\">Mo\u017ce zainteresuje Ci\u0119\u2026<\/h2>\n\n\n\n<div data-block-name=\"woocommerce\/cart-cross-sells-products-block\" class=\"wp-block-woocommerce-cart-cross-sells-products-block\"><\/div>\n<\/div>\n<\/div>\n\n\n\n<div data-block-name=\"woocommerce\/cart-totals-block\" class=\"wp-block-woocommerce-cart-totals-block\">\n<div data-block-name=\"woocommerce\/cart-order-summary-block\" class=\"wp-block-woocommerce-cart-order-summary-block\">\n<div data-block-name=\"woocommerce\/cart-order-summary-heading-block\" class=\"wp-block-woocommerce-cart-order-summary-heading-block\"><\/div><div data-block-name=\"woocommerce\/cart-order-summary-coupon-form-block\" class=\"wp-block-woocommerce-cart-order-summary-coupon-form-block\"><\/div><div data-block-name=\"woocommerce\/cart-order-summary-totals-block\" class=\"wp-block-woocommerce-cart-order-summary-totals-block\">\n<div data-block-name=\"woocommerce\/cart-order-summary-subtotal-block\" class=\"wp-block-woocommerce-cart-order-summary-subtotal-block\"><\/div>\n<div data-block-name=\"woocommerce\/cart-order-summary-discount-block\" class=\"wp-block-woocommerce-cart-order-summary-discount-block\"><\/div>\n<div data-block-name=\"woocommerce\/cart-order-summary-fee-block\" class=\"wp-block-woocommerce-cart-order-summary-fee-block\"><\/div>\n<div data-block-name=\"woocommerce\/cart-order-summary-shipping-block\" class=\"wp-block-woocommerce-cart-order-summary-shipping-block\"><\/div>\n<div data-block-name=\"woocommerce\/cart-order-summary-taxes-block\" class=\"wp-block-woocommerce-cart-order-summary-taxes-block\"><\/div><\/div>\n<\/div>\n\n\n\n<div data-block-name=\"woocommerce\/cart-express-payment-block\" class=\"wp-block-woocommerce-cart-express-payment-block\"><\/div>\n\n\n\n<div data-block-name=\"woocommerce\/proceed-to-checkout-block\" class=\"wp-block-woocommerce-proceed-to-checkout-block\"><\/div>\n\n\n\n<div data-block-name=\"woocommerce\/cart-accepted-payment-methods-block\" class=\"wp-block-woocommerce-cart-accepted-payment-methods-block\"><\/div>\n<\/div>\n<\/div>\n\n\n\n<div data-block-name=\"woocommerce\/empty-cart-block\" class=\"wp-block-woocommerce-empty-cart-block\">\n<h2 class=\"wp-block-heading has-text-align-center with-empty-cart-icon wc-block-cart__empty-cart__title\">Tw\u00f3j koszyk jest obecnie pusty!<\/h2>\n\n\n\n<hr class=\"wp-block-separator has-alpha-channel-opacity is-style-dots\"\/>\n\n\n\n<h2 class=\"wp-block-heading has-text-align-center\">Nowo\u015bci<\/h2>\n\n\n<div data-block-name=\"woocommerce\/product-new\" data-columns=\"4\" data-rows=\"1\" class=\"wc-block-grid wp-block-product-new wp-block-woocommerce-product-new wc-block-product-new has-4-columns\"><ul class=\"wc-block-grid__products\"><li class=\"wc-block-grid__product\">\n\t\t\t\t<a href=\"https:\/\/staging.brunoproducts.nl\/pl\/product\/przyklad-wynajmu\/\" class=\"wc-block-grid__product-link\">\n\t\t\t\t\t\n\t\t\t\t\t<div class=\"wc-block-grid__product-image\"><img loading=\"lazy\" decoding=\"async\" width=\"300\" height=\"300\" src=\"https:\/\/staging.brunoproducts.nl\/wp-content\/uploads\/woocommerce-placeholder-300x300.png\" class=\"woocommerce-placeholder wp-post-image\" alt=\"\" srcset=\"https:\/\/staging.brunoproducts.nl\/wp-content\/uploads\/woocommerce-placeholder-300x300.png 300w, https:\/\/staging.brunoproducts.nl\/wp-content\/uploads\/woocommerce-placeholder-100x100.png 100w, https:\/\/staging.brunoproducts.nl\/wp-content\/uploads\/woocommerce-placeholder-600x600.png 600w, https:\/\/staging.brunoproducts.nl\/wp-content\/uploads\/woocommerce-placeholder-1024x1024.png 1024w, https:\/\/staging.brunoproducts.nl\/wp-content\/uploads\/woocommerce-placeholder-150x150.png 150w, https:\/\/staging.brunoproducts.nl\/wp-content\/uploads\/woocommerce-placeholder-768x768.png 768w, https:\/\/staging.brunoproducts.nl\/wp-content\/uploads\/woocommerce-placeholder.png 1200w\" sizes=\"auto, (max-width: 300px) 100vw, 300px\" \/><\/div>\n\t\t\t\t\t<div class=\"wc-block-grid__product-title\">Przyk\u0142ad wynajmu<\/div>\n\t\t\t\t<\/a>\n\t\t\t\t<div class=\"wc-block-grid__product-price price\"><span class=\"woocommerce-Price-amount amount\"><span class=\"woocommerce-Price-currencySymbol\">&euro;<\/span>&nbsp;100,00<\/span><\/div>\n\t\t\t\t\n\t\t\t\t<div class=\"wp-block-button wc-block-grid__product-add-to-cart\"><a href=\"\/pl\/wp-json\/wp\/v2\/pages\/201?add-to-cart=307\" aria-label=\"Dodaj do koszyka: &bdquo;Przyk\u0142ad wynajmu&rdquo;\" data-quantity=\"1\" data-product_id=\"307\" data-product_sku=\"\" data-price=\"100\" rel=\"nofollow\" class=\"wp-block-button__link  add_to_cart_button ajax_add_to_cart\">Dodaj do koszyka<\/a><\/div>\n\t\t\t<\/li><li class=\"wc-block-grid__product\">\n\t\t\t\t<a href=\"https:\/\/staging.brunoproducts.nl\/pl\/product\/bruno-superspons-40cm\/\" class=\"wc-block-grid__product-link\">\n\t\t\t\t\t\n\t\t\t\t\t<div class=\"wc-block-grid__product-image\"><img loading=\"lazy\" decoding=\"async\" width=\"300\" height=\"300\" src=\"https:\/\/staging.brunoproducts.nl\/wp-content\/uploads\/2025\/07\/superspons-40cm-x2-001-300x300.jpg\" class=\"attachment-woocommerce_thumbnail size-woocommerce_thumbnail\" alt=\"Bruno Superspons 40cm\" srcset=\"https:\/\/staging.brunoproducts.nl\/wp-content\/uploads\/2025\/07\/superspons-40cm-x2-001-300x300.jpg 300w, https:\/\/staging.brunoproducts.nl\/wp-content\/uploads\/2025\/07\/superspons-40cm-x2-001-250x250.jpg 250w, https:\/\/staging.brunoproducts.nl\/wp-content\/uploads\/2025\/07\/superspons-40cm-x2-001-700x700.jpg 700w, https:\/\/staging.brunoproducts.nl\/wp-content\/uploads\/2025\/07\/superspons-40cm-x2-001-150x150.jpg 150w, https:\/\/staging.brunoproducts.nl\/wp-content\/uploads\/2025\/07\/superspons-40cm-x2-001-768x768.jpg 768w, https:\/\/staging.brunoproducts.nl\/wp-content\/uploads\/2025\/07\/superspons-40cm-x2-001-1536x1536.jpg 1536w, https:\/\/staging.brunoproducts.nl\/wp-content\/uploads\/2025\/07\/superspons-40cm-x2-001-120x120.jpg 120w, https:\/\/staging.brunoproducts.nl\/wp-content\/uploads\/2025\/07\/superspons-40cm-x2-001-600x600.jpg 600w, https:\/\/staging.brunoproducts.nl\/wp-content\/uploads\/2025\/07\/superspons-40cm-x2-001-100x100.jpg 100w, https:\/\/staging.brunoproducts.nl\/wp-content\/uploads\/2025\/07\/superspons-40cm-x2-001.jpg 1600w\" sizes=\"auto, (max-width: 300px) 100vw, 300px\" \/><\/div>\n\t\t\t\t\t<div class=\"wc-block-grid__product-title\">Bruno Superspons 40cm<\/div>\n\t\t\t\t<\/a>\n\t\t\t\t<div class=\"wc-block-grid__product-price price\"><span class=\"woocommerce-Price-amount amount\"><span class=\"woocommerce-Price-currencySymbol\">&euro;<\/span>&nbsp;15,49<\/span><\/div>\n\t\t\t\t\n\t\t\t\t<div class=\"wp-block-button wc-block-grid__product-add-to-cart\"><a href=\"\/pl\/wp-json\/wp\/v2\/pages\/201?add-to-cart=317\" aria-label=\"Dodaj do koszyka: &bdquo;Bruno Superspons 40cm&rdquo;\" data-quantity=\"1\" data-product_id=\"317\" data-product_sku=\"\" data-price=\"15.49\" rel=\"nofollow\" class=\"wp-block-button__link  add_to_cart_button ajax_add_to_cart\">Dodaj do koszyka<\/a><\/div>\n\t\t\t<\/li><li class=\"wc-block-grid__product\">\n\t\t\t\t<a href=\"https:\/\/staging.brunoproducts.nl\/pl\/product\/bruno-superspons-25cm\/\" class=\"wc-block-grid__product-link\">\n\t\t\t\t\t\n\t\t\t\t\t<div class=\"wc-block-grid__product-image\"><img loading=\"lazy\" decoding=\"async\" width=\"300\" height=\"300\" src=\"https:\/\/staging.brunoproducts.nl\/wp-content\/uploads\/2025\/07\/superspons-25cm-x2-001-300x300.jpg\" class=\"attachment-woocommerce_thumbnail size-woocommerce_thumbnail\" alt=\"Bruno Superspons 25cm\" srcset=\"https:\/\/staging.brunoproducts.nl\/wp-content\/uploads\/2025\/07\/superspons-25cm-x2-001-300x300.jpg 300w, https:\/\/staging.brunoproducts.nl\/wp-content\/uploads\/2025\/07\/superspons-25cm-x2-001-250x250.jpg 250w, https:\/\/staging.brunoproducts.nl\/wp-content\/uploads\/2025\/07\/superspons-25cm-x2-001-700x700.jpg 700w, https:\/\/staging.brunoproducts.nl\/wp-content\/uploads\/2025\/07\/superspons-25cm-x2-001-150x150.jpg 150w, https:\/\/staging.brunoproducts.nl\/wp-content\/uploads\/2025\/07\/superspons-25cm-x2-001-768x768.jpg 768w, https:\/\/staging.brunoproducts.nl\/wp-content\/uploads\/2025\/07\/superspons-25cm-x2-001-1536x1536.jpg 1536w, https:\/\/staging.brunoproducts.nl\/wp-content\/uploads\/2025\/07\/superspons-25cm-x2-001-120x120.jpg 120w, https:\/\/staging.brunoproducts.nl\/wp-content\/uploads\/2025\/07\/superspons-25cm-x2-001-600x600.jpg 600w, https:\/\/staging.brunoproducts.nl\/wp-content\/uploads\/2025\/07\/superspons-25cm-x2-001-100x100.jpg 100w, https:\/\/staging.brunoproducts.nl\/wp-content\/uploads\/2025\/07\/superspons-25cm-x2-001.jpg 1600w\" sizes=\"auto, (max-width: 300px) 100vw, 300px\" \/><\/div>\n\t\t\t\t\t<div class=\"wc-block-grid__product-title\">Bruno Superspons 25cm<\/div>\n\t\t\t\t<\/a>\n\t\t\t\t<div class=\"wc-block-grid__product-price price\"><span class=\"woocommerce-Price-amount amount\"><span class=\"woocommerce-Price-currencySymbol\">&euro;<\/span>&nbsp;12,49<\/span><\/div>\n\t\t\t\t\n\t\t\t\t<div class=\"wp-block-button wc-block-grid__product-add-to-cart\"><a href=\"\/pl\/wp-json\/wp\/v2\/pages\/201?add-to-cart=313\" aria-label=\"Dodaj do koszyka: &bdquo;Bruno Superspons 25cm&rdquo;\" data-quantity=\"1\" data-product_id=\"313\" data-product_sku=\"\" data-price=\"12.49\" rel=\"nofollow\" class=\"wp-block-button__link  add_to_cart_button ajax_add_to_cart\">Dodaj do koszyka<\/a><\/div>\n\t\t\t<\/li><li class=\"wc-block-grid__product\">\n\t\t\t\t<a href=\"https:\/\/staging.brunoproducts.nl\/pl\/product\/bruno-schoonmaakspons-zolta-czerwona-niebieska-zielona\/\" class=\"wc-block-grid__product-link\">\n\t\t\t\t\t\n\t\t\t\t\t<div class=\"wc-block-grid__product-image\"><img loading=\"lazy\" decoding=\"async\" width=\"300\" height=\"300\" src=\"https:\/\/staging.brunoproducts.nl\/wp-content\/uploads\/2025\/07\/schoonmaakspons-geel-bruno-products-002-300x300.jpg\" class=\"attachment-woocommerce_thumbnail size-woocommerce_thumbnail\" alt=\"Bruno schoonmaakspons (\u017c\u00f3\u0142ta \/ czerwona \/ niebieska \/ zielona)\" srcset=\"https:\/\/staging.brunoproducts.nl\/wp-content\/uploads\/2025\/07\/schoonmaakspons-geel-bruno-products-002-300x300.jpg 300w, https:\/\/staging.brunoproducts.nl\/wp-content\/uploads\/2025\/07\/schoonmaakspons-geel-bruno-products-002-250x250.jpg 250w, https:\/\/staging.brunoproducts.nl\/wp-content\/uploads\/2025\/07\/schoonmaakspons-geel-bruno-products-002-700x700.jpg 700w, https:\/\/staging.brunoproducts.nl\/wp-content\/uploads\/2025\/07\/schoonmaakspons-geel-bruno-products-002-150x150.jpg 150w, https:\/\/staging.brunoproducts.nl\/wp-content\/uploads\/2025\/07\/schoonmaakspons-geel-bruno-products-002-768x768.jpg 768w, https:\/\/staging.brunoproducts.nl\/wp-content\/uploads\/2025\/07\/schoonmaakspons-geel-bruno-products-002-1536x1536.jpg 1536w, https:\/\/staging.brunoproducts.nl\/wp-content\/uploads\/2025\/07\/schoonmaakspons-geel-bruno-products-002-120x120.jpg 120w, https:\/\/staging.brunoproducts.nl\/wp-content\/uploads\/2025\/07\/schoonmaakspons-geel-bruno-products-002-600x600.jpg 600w, https:\/\/staging.brunoproducts.nl\/wp-content\/uploads\/2025\/07\/schoonmaakspons-geel-bruno-products-002-100x100.jpg 100w, https:\/\/staging.brunoproducts.nl\/wp-content\/uploads\/2025\/07\/schoonmaakspons-geel-bruno-products-002.jpg 1600w\" sizes=\"auto, (max-width: 300px) 100vw, 300px\" \/><\/div>\n\t\t\t\t\t<div class=\"wc-block-grid__product-title\">Bruno schoonmaakspons (\u017c\u00f3\u0142ta \/ czerwona \/ niebieska \/ zielona)<\/div>\n\t\t\t\t<\/a>\n\t\t\t\t<div class=\"wc-block-grid__product-price price\"><span class=\"woocommerce-Price-amount amount\"><span class=\"woocommerce-Price-currencySymbol\">&euro;<\/span>&nbsp;4,35<\/span><\/div>\n\t\t\t\t\n\t\t\t\t<div class=\"wp-block-button wc-block-grid__product-add-to-cart\"><a href=\"https:\/\/staging.brunoproducts.nl\/pl\/product\/bruno-schoonmaakspons-zolta-czerwona-niebieska-zielona\/\" aria-label=\"Wybierz opcje dla &bdquo;Bruno schoonmaakspons (\u017c\u00f3\u0142ta \/ czerwona \/ niebieska \/ zielona)&rdquo;\" data-quantity=\"1\" data-product_id=\"297\" data-product_sku=\"\" data-price=\"4.35\" rel=\"nofollow\" class=\"wp-block-button__link  add_to_cart_button\">Wybierz opcje<\/a><\/div>\n\t\t\t<\/li><\/ul><\/div><\/div>\n<\/div>\n","protected":false},"excerpt":{"rendered":"","protected":false},"author":1,"featured_media":0,"parent":0,"menu_order":0,"comment_status":"closed","ping_status":"closed","template":"","meta":{"footnotes":""},"class_list":["post-201","page","type-page","status-publish","hentry"],"_links":{"self":[{"href":"https:\/\/staging.brunoproducts.nl\/pl\/wp-json\/wp\/v2\/pages\/201","targetHints":{"allow":["GET"]}}],"collection":[{"href":"https:\/\/staging.brunoproducts.nl\/pl\/wp-json\/wp\/v2\/pages"}],"about":[{"href":"https:\/\/staging.brunoproducts.nl\/pl\/wp-json\/wp\/v2\/types\/page"}],"author":[{"embeddable":true,"href":"https:\/\/staging.brunoproducts.nl\/pl\/wp-json\/wp\/v2\/users\/1"}],"replies":[{"embeddable":true,"href":"https:\/\/staging.brunoproducts.nl\/pl\/wp-json\/wp\/v2\/comments?post=201"}],"version-history":[{"count":1,"href":"https:\/\/staging.brunoproducts.nl\/pl\/wp-json\/wp\/v2\/pages\/201\/revisions"}],"predecessor-version":[{"id":202,"href":"https:\/\/staging.brunoproducts.nl\/pl\/wp-json\/wp\/v2\/pages\/201\/revisions\/202"}],"wp:attachment":[{"href":"https:\/\/staging.brunoproducts.nl\/pl\/wp-json\/wp\/v2\/media?parent=201"}],"curies":[{"name":"wp","href":"https:\/\/api.w.org\/{rel}","templated":true}]}}