{"id":226,"date":"2025-07-16T15:13:30","date_gmt":"2025-07-16T13:13:30","guid":{"rendered":"http:\/\/brunoproducts.test\/zloz-wniosek-o-konto-biznesowe\/"},"modified":"2025-10-13T14:42:04","modified_gmt":"2025-10-13T12:42:04","slug":"zloz-wniosek-o-konto-biznesowe","status":"publish","type":"page","link":"https:\/\/staging.brunoproducts.nl\/pl\/zloz-wniosek-o-konto-biznesowe\/","title":{"rendered":"Z\u0142\u00f3\u017c wniosek o konto biznesowe"},"content":{"rendered":"\n<div class=\"wpcf7 no-js\" id=\"wpcf7-f223-o1\" lang=\"pl-PL\" dir=\"ltr\" data-wpcf7-id=\"223\">\n<div class=\"screen-reader-response\"><p role=\"status\" aria-live=\"polite\" aria-atomic=\"true\"><\/p> <ul><\/ul><\/div>\n<form action=\"\/pl\/wp-json\/wp\/v2\/pages\/226#wpcf7-f223-o1\" method=\"post\" class=\"wpcf7-form init\" aria-label=\"Formularz kontaktowy\" novalidate=\"novalidate\" data-status=\"init\">\n<fieldset class=\"hidden-fields-container\"><input type=\"hidden\" name=\"_wpcf7\" value=\"223\" \/><input type=\"hidden\" name=\"_wpcf7_version\" value=\"6.1.2\" \/><input type=\"hidden\" name=\"_wpcf7_locale\" value=\"pl_PL\" \/><input type=\"hidden\" name=\"_wpcf7_unit_tag\" value=\"wpcf7-f223-o1\" \/><input type=\"hidden\" name=\"_wpcf7_container_post\" value=\"0\" \/><input type=\"hidden\" name=\"_wpcf7_posted_data_hash\" value=\"\" \/>\n<\/fieldset>\n<p><label> <span class=\"required\">Imi\u0119 *<\/span><br \/>\n<span class=\"wpcf7-form-control-wrap\" data-name=\"cf-voornaam\"><input size=\"40\" maxlength=\"400\" class=\"wpcf7-form-control wpcf7-text wpcf7-validates-as-required\" aria-required=\"true\" aria-invalid=\"false\" value=\"\" type=\"text\" name=\"cf-voornaam\" \/><\/span><\/label>\n<\/p>\n<p><label> Nazwisko <span class=\"required\">*<\/span><br \/>\n<span class=\"wpcf7-form-control-wrap\" data-name=\"cf-achternaam\"><input size=\"40\" maxlength=\"400\" class=\"wpcf7-form-control wpcf7-text wpcf7-validates-as-required\" aria-required=\"true\" aria-invalid=\"false\" value=\"\" type=\"text\" name=\"cf-achternaam\" \/><\/span><\/label>\n<\/p>\n<p><label> Nazwa firmy <span class=\"required\">*<\/span><br \/>\n<span class=\"wpcf7-form-control-wrap\" data-name=\"cf-bedrijfsnaam\"><input size=\"40\" maxlength=\"400\" class=\"wpcf7-form-control wpcf7-text wpcf7-validates-as-required\" aria-required=\"true\" aria-invalid=\"false\" value=\"\" type=\"text\" name=\"cf-bedrijfsnaam\" \/><\/span><\/label>\n<\/p>\n<p><label> <span class=\"required\">Kraj *<\/span><br \/>\n<span class=\"wpcf7-form-control-wrap\" data-name=\"cf-land\"><input size=\"40\" maxlength=\"400\" class=\"wpcf7-form-control wpcf7-text wpcf7-validates-as-required\" aria-required=\"true\" aria-invalid=\"false\" value=\"\" type=\"text\" name=\"cf-land\" \/><\/span><\/label>\n<\/p>\n<p><label> Nazwa ulicy <span class=\"required\">*<\/span><br \/>\n<span class=\"wpcf7-form-control-wrap\" data-name=\"cf-straatnaam\"><input size=\"40\" maxlength=\"400\" class=\"wpcf7-form-control wpcf7-text wpcf7-validates-as-required\" aria-required=\"true\" aria-invalid=\"false\" value=\"\" type=\"text\" name=\"cf-straatnaam\" \/><\/span><\/label>\n<\/p>\n<p><label> Numer domu + dodatek <span class=\"required\">*<\/span><br \/>\n<span class=\"wpcf7-form-control-wrap\" data-name=\"cf-huisnr-toevoeging\"><input size=\"40\" maxlength=\"400\" class=\"wpcf7-form-control wpcf7-text wpcf7-validates-as-required\" aria-required=\"true\" aria-invalid=\"false\" value=\"\" type=\"text\" name=\"cf-huisnr-toevoeging\" \/><\/span><\/label>\n<\/p>\n<p><label> Miejscowo\u015b\u0107 <span class=\"required\">*<\/span><br \/>\n<span class=\"wpcf7-form-control-wrap\" data-name=\"cf-woonplaats\"><input size=\"40\" maxlength=\"400\" class=\"wpcf7-form-control wpcf7-text wpcf7-validates-as-required\" aria-required=\"true\" aria-invalid=\"false\" value=\"\" type=\"text\" name=\"cf-woonplaats\" \/><\/span><\/label>\n<\/p>\n<p><label> Kod pocztowy <span class=\"required\">*<\/span><br \/>\n<span class=\"wpcf7-form-control-wrap\" data-name=\"cf-postcode\"><input size=\"40\" maxlength=\"400\" class=\"wpcf7-form-control wpcf7-text wpcf7-validates-as-required\" aria-required=\"true\" aria-invalid=\"false\" value=\"\" type=\"text\" name=\"cf-postcode\" \/><\/span><\/label>\n<\/p>\n<p><label> Numer telefonu <span class=\"required\">*<\/span><br \/>\n<span class=\"wpcf7-form-control-wrap\" data-name=\"cf-telefoonnummer\"><input size=\"40\" maxlength=\"400\" class=\"wpcf7-form-control wpcf7-tel wpcf7-validates-as-required wpcf7-text wpcf7-validates-as-tel\" aria-required=\"true\" aria-invalid=\"false\" value=\"\" type=\"tel\" name=\"cf-telefoonnummer\" \/><\/span><\/label>\n<\/p>\n<p><label> Numer VAT (uwaga: usu\u0144 kropki lub spacje!) <span class=\"required\">*<\/span><br \/>\n<span class=\"wpcf7-form-control-wrap\" data-name=\"cf-btw-nummer\"><input size=\"40\" maxlength=\"400\" class=\"wpcf7-form-control wpcf7-text wpcf7-validates-as-required\" aria-required=\"true\" aria-invalid=\"false\" placeholder=\"&lt;br&gt;Nie masz siedziby w Holandii? Pole obowi\u0105zkowe!\" value=\"\" type=\"text\" name=\"cf-btw-nummer\" \/><\/span><\/label>\n<\/p>\n<hr \/>\n<p><label> Nazwa u\u017cytkownika <span class=\"required\">*<\/span><br \/>\n<span class=\"wpcf7-form-control-wrap\" data-name=\"cf-gebruikersnaam\"><input size=\"40\" maxlength=\"400\" class=\"wpcf7-form-control wpcf7-text wpcf7-validates-as-required\" aria-required=\"true\" aria-invalid=\"false\" value=\"\" type=\"text\" name=\"cf-gebruikersnaam\" \/><\/span><\/label>\n<\/p>\n<p><label> <span class=\"required\">Adres e-mail *<\/span><br \/>\n<span class=\"wpcf7-form-control-wrap\" data-name=\"cf-email\"><input size=\"40\" maxlength=\"400\" class=\"wpcf7-form-control wpcf7-email wpcf7-validates-as-required wpcf7-text wpcf7-validates-as-email\" autocomplete=\"email\" aria-required=\"true\" aria-invalid=\"false\" value=\"\" type=\"email\" name=\"cf-email\" \/><\/span> <\/label>\n<\/p>\n<p><label> <span class=\"required\">Adres e-mail (fakturowanie) *<\/span><br \/>\n<span class=\"wpcf7-form-control-wrap\" data-name=\"cf-facturatie-email\"><input size=\"40\" maxlength=\"400\" class=\"wpcf7-form-control wpcf7-email wpcf7-validates-as-required wpcf7-text wpcf7-validates-as-email\" autocomplete=\"email\" aria-required=\"true\" aria-invalid=\"false\" value=\"\" type=\"email\" name=\"cf-facturatie-email\" \/><\/span> <\/label>\n<\/p>\n<labe>ReCAPTCHA\n\t<p><input class=\"wpcf7-form-control wpcf7-submit has-spinner\" type=\"submit\" value=\"Zarejestruj si\u0119\" \/>\n\t<\/p>\n<\/labe><div class=\"wpcf7-response-output\" aria-hidden=\"true\"><\/div>\n<\/form>\n<\/div>\n\n","protected":false},"excerpt":{"rendered":"","protected":false},"author":1,"featured_media":0,"parent":0,"menu_order":0,"comment_status":"closed","ping_status":"closed","template":"templates\/business-account-request.php","meta":{"footnotes":""},"class_list":["post-226","page","type-page","status-publish","hentry"],"_links":{"self":[{"href":"https:\/\/staging.brunoproducts.nl\/pl\/wp-json\/wp\/v2\/pages\/226","targetHints":{"allow":["GET"]}}],"collection":[{"href":"https:\/\/staging.brunoproducts.nl\/pl\/wp-json\/wp\/v2\/pages"}],"about":[{"href":"https:\/\/staging.brunoproducts.nl\/pl\/wp-json\/wp\/v2\/types\/page"}],"author":[{"embeddable":true,"href":"https:\/\/staging.brunoproducts.nl\/pl\/wp-json\/wp\/v2\/users\/1"}],"replies":[{"embeddable":true,"href":"https:\/\/staging.brunoproducts.nl\/pl\/wp-json\/wp\/v2\/comments?post=226"}],"version-history":[{"count":1,"href":"https:\/\/staging.brunoproducts.nl\/pl\/wp-json\/wp\/v2\/pages\/226\/revisions"}],"predecessor-version":[{"id":227,"href":"https:\/\/staging.brunoproducts.nl\/pl\/wp-json\/wp\/v2\/pages\/226\/revisions\/227"}],"wp:attachment":[{"href":"https:\/\/staging.brunoproducts.nl\/pl\/wp-json\/wp\/v2\/media?parent=226"}],"curies":[{"name":"wp","href":"https:\/\/api.w.org\/{rel}","templated":true}]}}