{"id":228,"date":"2025-06-24T14:05:36","date_gmt":"2025-06-24T14:05:36","guid":{"rendered":"http:\/\/brunoproducts.test\/product\/bruno-glasglimmer\/"},"modified":"2025-06-24T14:05:36","modified_gmt":"2025-06-24T12:05:36","slug":"bruno-glasglimmer","status":"publish","type":"product","link":"https:\/\/staging.brunoproducts.nl\/pl\/product\/bruno-glasglimmer\/","title":{"rendered":"Bruno GlasGlimmer"},"content":{"rendered":"<p class=\"p1\"><b>Instrukcja u\u017cycia<\/b><\/p>\n<p class=\"p1\">Lekko spryskaj powierzchni\u0119 do czyszczenia, w razie potrzeby pozostaw na chwil\u0119 do dzia\u0142ania, a nast\u0119pnie wytrzyj czyst\u0105 \u015bciereczk\u0105 do wn\u0119trza lub papierem do czyszczenia.<\/p>\n","protected":false},"excerpt":{"rendered":"1L\n<p class=\"p1\">Gotowy do u\u017cycia \u015brodek czyszcz\u0105cy do szybkiego i bezsmugowego czyszczenia wszystkich zmywalnych powierzchni.<\/p>\nBruno GlasGlimmer schnie bez smug. Stosowanie: sto\u0142y, biurka, lustra, szk\u0142o przegrodowe, wszystkie tworzywa sztuczne, chrom itp.\n\nUsuwa przyklejony brud, odciski palc\u00f3w oraz silne zabrudzenia, takie jak nikotyna, sadza, t\u0142uszcz i zanieczyszczenia atmosferyczne.\n\nProdukt jest wydajny w u\u017cyciu i bez zapachu, dzi\u0119ki czemu nadaje si\u0119 tak\u017ce do \u015brodowisk z produktami spo\u017cywczymi.\n\n<strong>Uwaga: Zawiera 2-metyloizotiazol-3(2H)-on.<\/strong> Mo\u017ce powodowa\u0107 reakcj\u0119 alergiczn\u0105.","protected":false},"featured_media":106,"template":"","meta":[],"product_brand":[],"product_cat":[46],"product_tag":[],"class_list":{"0":"post-228","1":"product","2":"type-product","3":"status-publish","4":"has-post-thumbnail","6":"product_cat-srodki-czystosci","8":"first","9":"instock","10":"shipping-taxable","11":"purchasable","12":"product-type-simple"},"_links":{"self":[{"href":"https:\/\/staging.brunoproducts.nl\/pl\/wp-json\/wp\/v2\/product\/228","targetHints":{"allow":["GET"]}}],"collection":[{"href":"https:\/\/staging.brunoproducts.nl\/pl\/wp-json\/wp\/v2\/product"}],"about":[{"href":"https:\/\/staging.brunoproducts.nl\/pl\/wp-json\/wp\/v2\/types\/product"}],"wp:featuredmedia":[{"embeddable":true,"href":"https:\/\/staging.brunoproducts.nl\/pl\/wp-json\/wp\/v2\/media\/106"}],"wp:attachment":[{"href":"https:\/\/staging.brunoproducts.nl\/pl\/wp-json\/wp\/v2\/media?parent=228"}],"wp:term":[{"taxonomy":"product_brand","embeddable":true,"href":"https:\/\/staging.brunoproducts.nl\/pl\/wp-json\/wp\/v2\/product_brand?post=228"},{"taxonomy":"product_cat","embeddable":true,"href":"https:\/\/staging.brunoproducts.nl\/pl\/wp-json\/wp\/v2\/product_cat?post=228"},{"taxonomy":"product_tag","embeddable":true,"href":"https:\/\/staging.brunoproducts.nl\/pl\/wp-json\/wp\/v2\/product_tag?post=228"}],"curies":[{"name":"wp","href":"https:\/\/api.w.org\/{rel}","templated":true}]}}