{"id":247,"date":"2025-06-24T14:27:16","date_gmt":"2025-06-24T14:27:16","guid":{"rendered":"http:\/\/brunoproducts.test\/product\/bruno-washmate\/"},"modified":"2025-06-24T14:27:16","modified_gmt":"2025-06-24T12:27:16","slug":"bruno-washmate","status":"publish","type":"product","link":"https:\/\/staging.brunoproducts.nl\/pl\/product\/bruno-washmate\/","title":{"rendered":"Bruno WashMate"},"content":{"rendered":"<ul>\n<li class=\"p1\">Do 80 pra\u0144 w jednym opakowaniu<\/li>\n<li class=\"p1\">Odpowiednie do wszystkich temperatur prania<\/li>\n<li class=\"p1\">Zapach: Garden Breeze<\/li>\n<li class=\"p1\">Nadaje si\u0119 do wszystkich pralek<\/li>\n<li class=\"p1\">Kompaktowe i lekkie \u2013 idealne w podr\u00f3\u017cy<\/li>\n<li class=\"p1\">Hipoalergiczne chusteczki do prania<\/li>\n<\/ul>\n<h2>Spos\u00f3b u\u017cycia<\/h2>\n<ol>\n<li>W\u0142\u00f3\u017c pranie do pralki.<\/li>\n<li>Dodaj jedn\u0105 chusteczk\u0119 WashMate.\n<ul>\n<li>0\u20134 kg = \u00bd WashMate<\/li>\n<li>4\u20138\/9 kg = 1 WashMate<\/li>\n<\/ul>\n<\/li>\n<\/ol>\n","protected":false},"excerpt":{"rendered":"Bruno WashMate to przyjazna dla sk\u00f3ry alternatywa dla tradycyjnego detergentu. Te wygodne chusteczki do prania s\u0105 odpowiednie do codziennego u\u017cytku i ca\u0142kowicie rozpuszczaj\u0105 si\u0119 podczas prania. \n\nChusteczki Bruno WashMate s\u0105 idealne dla os\u00f3b starszych i niedowidz\u0105cych. Dzi\u0119ki prostemu u\u017cyciu nie trzeba niczego odmierza\u0107 \u2013 nigdy nie u\u017cyjesz zbyt du\u017co ani zbyt ma\u0142o detergentu.<br>Chusteczki s\u0105 r\u00f3wnie\u017c bezpieczne dla dzieci: nie zawieraj\u0105 agresywnych chemikali\u00f3w i s\u0105 delikatne dla sk\u00f3ry. Ca\u0142kowicie rozpuszczaj\u0105 si\u0119 zar\u00f3wno w zimnej, jak i ciep\u0142ej wodzie oraz nadaj\u0105 si\u0119 do wszystkich rodzaj\u00f3w tkanin, takich jak bawe\u0142na, we\u0142na, syntetyki czy odzie\u017c sportowa.<br>Dzi\u0119ki temu WashMate sprawdzi si\u0119 dla ca\u0142ej rodziny. \n\nDzi\u0119ki swojej delikatnej formule s\u0105 bezpieczne dla sk\u00f3ry i nie zawieraj\u0105 agresywnych substancji. Idealne dla os\u00f3b z wra\u017cliw\u0105 sk\u00f3r\u0105 lub alergiami. Zapach \u201eGarden Breeze\u201d sprawia, \u017ce Twoje pranie jest \u015bwie\u017ce i czyste.  ","protected":false},"featured_media":127,"template":"","meta":[],"product_brand":[],"product_cat":[46],"product_tag":[],"class_list":{"0":"post-247","1":"product","2":"type-product","3":"status-publish","4":"has-post-thumbnail","6":"product_cat-srodki-czystosci","8":"first","9":"instock","10":"shipping-taxable","11":"purchasable","12":"product-type-simple"},"_links":{"self":[{"href":"https:\/\/staging.brunoproducts.nl\/pl\/wp-json\/wp\/v2\/product\/247","targetHints":{"allow":["GET"]}}],"collection":[{"href":"https:\/\/staging.brunoproducts.nl\/pl\/wp-json\/wp\/v2\/product"}],"about":[{"href":"https:\/\/staging.brunoproducts.nl\/pl\/wp-json\/wp\/v2\/types\/product"}],"wp:featuredmedia":[{"embeddable":true,"href":"https:\/\/staging.brunoproducts.nl\/pl\/wp-json\/wp\/v2\/media\/127"}],"wp:attachment":[{"href":"https:\/\/staging.brunoproducts.nl\/pl\/wp-json\/wp\/v2\/media?parent=247"}],"wp:term":[{"taxonomy":"product_brand","embeddable":true,"href":"https:\/\/staging.brunoproducts.nl\/pl\/wp-json\/wp\/v2\/product_brand?post=247"},{"taxonomy":"product_cat","embeddable":true,"href":"https:\/\/staging.brunoproducts.nl\/pl\/wp-json\/wp\/v2\/product_cat?post=247"},{"taxonomy":"product_tag","embeddable":true,"href":"https:\/\/staging.brunoproducts.nl\/pl\/wp-json\/wp\/v2\/product_tag?post=247"}],"curies":[{"name":"wp","href":"https:\/\/api.w.org\/{rel}","templated":true}]}}