{"id":257,"date":"2025-07-17T15:03:14","date_gmt":"2025-07-17T15:03:14","guid":{"rendered":"http:\/\/brunoproducts.test\/product\/bruno-kalkwegwonder-12-sztuk\/"},"modified":"2025-07-17T15:03:14","modified_gmt":"2025-07-17T13:03:14","slug":"bruno-kalkwegwonder-12-sztuk","status":"publish","type":"product","link":"https:\/\/staging.brunoproducts.nl\/pl\/product\/bruno-kalkwegwonder-12-sztuk\/","title":{"rendered":"Bruno KalkwegWonder &#8211; 12 sztuk"},"content":{"rendered":"<p class=\"p1\"><strong>Spos\u00f3b u\u017cycia<\/strong><\/p>\n<ol>\n<li class=\"p1\">Rozcie\u0144czy\u0107 \u015brodek odkamieniaj\u0105cy Bruno wod\u0105 w proporcji 1:5 (w zale\u017cno\u015bci od stopnia zakamienienia)<\/li>\n<li class=\"p1\">Nanie\u015b\u0107 za pomoc\u0105 g\u0105bki lub szczotki<\/li>\n<li class=\"p1\">Usun\u0105\u0107 rozpuszczony kamie\u0144 g\u0105bk\u0105 \u015bciern\u0105 lub padem (do powierzchni sanitarnych)<\/li>\n<li class=\"p1\">Dok\u0142adnie sp\u0142uka\u0107 czyst\u0105 wod\u0105<\/li>\n<li class=\"p1\">Zawsze u\u017cywa\u0107 r\u0119kawic ochronnych<\/li>\n<li class=\"p1\">W razie w\u0105tpliwo\u015bci co do odporno\u015bci na kwasy \u2013 przetestowa\u0107 na ma\u0142o widocznym miejscu<\/li>\n<li class=\"p1\">Nie stosowa\u0107 na metalach, takich jak stal nierdzewna lub aluminium<\/li>\n<\/ol>\n","protected":false},"excerpt":{"rendered":"12x750ML\n\nZag\u0119szczony \u015brodek czyszcz\u0105cy do okresowego usuwania osad\u00f3w kamienia, kt\u00f3ry pozwala zaoszcz\u0119dzi\u0107 do po\u0142owy czasu pracy.\n\nDzi\u0119ki g\u0119stej konsystencji substancje aktywne lepiej przylegaj\u0105, szczeg\u00f3lnie na powierzchniach pionowych, zapewniaj\u0105c maksymalne usuwanie kamienia. Zawiera dodatkowy zapach, dzi\u0119ki czemu \u015bwie\u017co\u015b\u0107 utrzymuje si\u0119 d\u0142u\u017cej. Na bazie kwasu fosforowego.\n\nZastosowanie: \u015bciany z p\u0142ytek i szk\u0142a w \u0142azienkach, p\u0142ytki, wanny, toalety, inne powierzchnie sanitarne, baseny, hale sportowe, myjnie samochodowe itp.\n\n<strong>Uwaga:<\/strong> Powoduje podra\u017cnienie sk\u00f3ry i oczu. U\u017cywa\u0107 ochrony oczu i r\u0119kawic. Karta charakterystyki dost\u0119pna na \u017c\u0105danie.","protected":false},"featured_media":125,"template":"","meta":[],"product_brand":[],"product_cat":[46],"product_tag":[],"class_list":{"0":"post-257","1":"product","2":"type-product","3":"status-publish","4":"has-post-thumbnail","6":"product_cat-srodki-czystosci","8":"first","9":"instock","10":"shipping-taxable","11":"purchasable","12":"product-type-simple"},"_links":{"self":[{"href":"https:\/\/staging.brunoproducts.nl\/pl\/wp-json\/wp\/v2\/product\/257","targetHints":{"allow":["GET"]}}],"collection":[{"href":"https:\/\/staging.brunoproducts.nl\/pl\/wp-json\/wp\/v2\/product"}],"about":[{"href":"https:\/\/staging.brunoproducts.nl\/pl\/wp-json\/wp\/v2\/types\/product"}],"wp:featuredmedia":[{"embeddable":true,"href":"https:\/\/staging.brunoproducts.nl\/pl\/wp-json\/wp\/v2\/media\/125"}],"wp:attachment":[{"href":"https:\/\/staging.brunoproducts.nl\/pl\/wp-json\/wp\/v2\/media?parent=257"}],"wp:term":[{"taxonomy":"product_brand","embeddable":true,"href":"https:\/\/staging.brunoproducts.nl\/pl\/wp-json\/wp\/v2\/product_brand?post=257"},{"taxonomy":"product_cat","embeddable":true,"href":"https:\/\/staging.brunoproducts.nl\/pl\/wp-json\/wp\/v2\/product_cat?post=257"},{"taxonomy":"product_tag","embeddable":true,"href":"https:\/\/staging.brunoproducts.nl\/pl\/wp-json\/wp\/v2\/product_tag?post=257"}],"curies":[{"name":"wp","href":"https:\/\/api.w.org\/{rel}","templated":true}]}}