{"id":263,"date":"2025-06-24T14:42:33","date_gmt":"2025-06-24T14:42:33","guid":{"rendered":"http:\/\/brunoproducts.test\/product\/bruno-vetvechter\/"},"modified":"2025-06-24T14:42:33","modified_gmt":"2025-06-24T12:42:33","slug":"bruno-vetvechter","status":"publish","type":"product","link":"https:\/\/staging.brunoproducts.nl\/pl\/product\/bruno-vetvechter\/","title":{"rendered":"Bruno VetVechter"},"content":{"rendered":"<p class=\"p1\">Spos\u00f3b u\u017cycia<\/p>\n<ol>\n<li class=\"p1\">Spryskaj powierzchni\u0119 \u015brodkiem Bruno VetVechter<\/li>\n<li class=\"p1\">Pozostaw na kilka minut (nie dopu\u015b\u0107 do wyschni\u0119cia!)<\/li>\n<li class=\"p1\">Usu\u0144 silne zabrudzenia papierem czyszcz\u0105cym, szczotk\u0105, g\u0105bk\u0105 lub \u015bciereczk\u0105 z mikrofibry<\/li>\n<li class=\"p1\">Sp\u0142ucz czyst\u0105 wod\u0105<\/li>\n<li class=\"p1\">W przypadku powierzchni pionowych: pracuj od do\u0142u do g\u00f3ry, aby unikn\u0105\u0107 smug.<\/li>\n<\/ol>\n","protected":false},"excerpt":{"rendered":"1L\n\nGotowy do u\u017cycia odt\u0142uszczacz do kuchni, sadzy i nikotyny.\n\nBruno VetVechter to gotowy do u\u017cycia \u015brodek czyszcz\u0105cy, przeznaczony do silnie zabrudzonych powierzchni, np. w kuchniach i fabrykach (maszynowych). Usuwa t\u0142uszcz, olej oraz inne t\u0142uste osady, takie jak sadza, nikotyna, brud uliczny, a tak\u017ce olej silnikowy i smary. \n\nBruno VetVechter nie uszkadza stali, aluminium ani tworzyw sztucznych.\n\nNa powierzchniach lakierowanych nale\u017cy najpierw przetestowa\u0107 \u015brodek w ma\u0142o widocznym miejscu i nie dopuszcza\u0107 do jego wyschni\u0119cia. Specjalna formu\u0142a zapewnia bardzo silne dzia\u0142anie odt\u0142uszczaj\u0105ce. pH: 10,5  \n\n<strong>Uwaga:<\/strong> Zawiera 2-metyloizotiazol-3(2H)-on. Mo\u017ce powodowa\u0107 reakcj\u0119 alergiczn\u0105.\n<p class=\"p1\">Karta charakterystyki dost\u0119pna na \u017c\u0105danie.<\/p>","protected":false},"featured_media":110,"template":"","meta":[],"product_brand":[],"product_cat":[46],"product_tag":[],"class_list":{"0":"post-263","1":"product","2":"type-product","3":"status-publish","4":"has-post-thumbnail","6":"product_cat-srodki-czystosci","8":"first","9":"instock","10":"shipping-taxable","11":"purchasable","12":"product-type-simple"},"_links":{"self":[{"href":"https:\/\/staging.brunoproducts.nl\/pl\/wp-json\/wp\/v2\/product\/263","targetHints":{"allow":["GET"]}}],"collection":[{"href":"https:\/\/staging.brunoproducts.nl\/pl\/wp-json\/wp\/v2\/product"}],"about":[{"href":"https:\/\/staging.brunoproducts.nl\/pl\/wp-json\/wp\/v2\/types\/product"}],"wp:featuredmedia":[{"embeddable":true,"href":"https:\/\/staging.brunoproducts.nl\/pl\/wp-json\/wp\/v2\/media\/110"}],"wp:attachment":[{"href":"https:\/\/staging.brunoproducts.nl\/pl\/wp-json\/wp\/v2\/media?parent=263"}],"wp:term":[{"taxonomy":"product_brand","embeddable":true,"href":"https:\/\/staging.brunoproducts.nl\/pl\/wp-json\/wp\/v2\/product_brand?post=263"},{"taxonomy":"product_cat","embeddable":true,"href":"https:\/\/staging.brunoproducts.nl\/pl\/wp-json\/wp\/v2\/product_cat?post=263"},{"taxonomy":"product_tag","embeddable":true,"href":"https:\/\/staging.brunoproducts.nl\/pl\/wp-json\/wp\/v2\/product_tag?post=263"}],"curies":[{"name":"wp","href":"https:\/\/api.w.org\/{rel}","templated":true}]}}