{"id":297,"date":"2025-07-18T13:55:17","date_gmt":"2025-07-18T13:55:17","guid":{"rendered":"http:\/\/brunoproducts.test\/product\/bruno-schoonmaakspons-zolta-czerwona-niebieska-zielona\/"},"modified":"2025-07-18T13:55:17","modified_gmt":"2025-07-18T11:55:17","slug":"bruno-schoonmaakspons-zolta-czerwona-niebieska-zielona","status":"publish","type":"product","link":"https:\/\/staging.brunoproducts.nl\/pl\/product\/bruno-schoonmaakspons-zolta-czerwona-niebieska-zielona\/","title":{"rendered":"Bruno schoonmaakspons (\u017c\u00f3\u0142ta \/ czerwona \/ niebieska \/ zielona)"},"content":{"rendered":"","protected":false},"excerpt":{"rendered":"<p class=\"p1\">Pakowana po 10 sztuk<\/p>\n<strong>Informacje o produkcie:<\/strong>\nWyposa\u017cona w bia\u0142\u0105 powierzchni\u0119 \u015bciern\u0105, odpowiedni\u0105 do delikatnych, podatnych na zarysowania powierzchni.","protected":false},"featured_media":148,"template":"","meta":[],"product_brand":[],"product_cat":[47],"product_tag":[],"class_list":{"0":"post-297","1":"product","2":"type-product","3":"status-publish","4":"has-post-thumbnail","6":"product_cat-materialy-czystosci","8":"first","9":"instock","10":"shipping-taxable","11":"purchasable","12":"product-type-variable"},"_links":{"self":[{"href":"https:\/\/staging.brunoproducts.nl\/pl\/wp-json\/wp\/v2\/product\/297","targetHints":{"allow":["GET"]}}],"collection":[{"href":"https:\/\/staging.brunoproducts.nl\/pl\/wp-json\/wp\/v2\/product"}],"about":[{"href":"https:\/\/staging.brunoproducts.nl\/pl\/wp-json\/wp\/v2\/types\/product"}],"wp:featuredmedia":[{"embeddable":true,"href":"https:\/\/staging.brunoproducts.nl\/pl\/wp-json\/wp\/v2\/media\/148"}],"wp:attachment":[{"href":"https:\/\/staging.brunoproducts.nl\/pl\/wp-json\/wp\/v2\/media?parent=297"}],"wp:term":[{"taxonomy":"product_brand","embeddable":true,"href":"https:\/\/staging.brunoproducts.nl\/pl\/wp-json\/wp\/v2\/product_brand?post=297"},{"taxonomy":"product_cat","embeddable":true,"href":"https:\/\/staging.brunoproducts.nl\/pl\/wp-json\/wp\/v2\/product_cat?post=297"},{"taxonomy":"product_tag","embeddable":true,"href":"https:\/\/staging.brunoproducts.nl\/pl\/wp-json\/wp\/v2\/product_tag?post=297"}],"curies":[{"name":"wp","href":"https:\/\/api.w.org\/{rel}","templated":true}]}}