{"id":313,"date":"2025-07-18T14:04:49","date_gmt":"2025-07-18T14:04:49","guid":{"rendered":"http:\/\/brunoproducts.test\/product\/bruno-superspons-25cm\/"},"modified":"2025-07-18T14:04:49","modified_gmt":"2025-07-18T12:04:49","slug":"bruno-superspons-25cm","status":"publish","type":"product","link":"https:\/\/staging.brunoproducts.nl\/pl\/product\/bruno-superspons-25cm\/","title":{"rendered":"Bruno Superspons 25cm"},"content":{"rendered":"","protected":false},"excerpt":{"rendered":"<p class=\"p1\">Pakowana po 2 sztuki<\/p>\n<strong>Informacje o produkcie:<\/strong>\nPad melaminowy 24\u00d710\u00d72,5 cm z powierzchni\u0105 na rzep (Velcro)","protected":false},"featured_media":156,"template":"","meta":[],"product_brand":[],"product_cat":[47],"product_tag":[],"class_list":{"0":"post-313","1":"product","2":"type-product","3":"status-publish","4":"has-post-thumbnail","6":"product_cat-materialy-czystosci","8":"first","9":"instock","10":"shipping-taxable","11":"purchasable","12":"product-type-simple"},"_links":{"self":[{"href":"https:\/\/staging.brunoproducts.nl\/pl\/wp-json\/wp\/v2\/product\/313","targetHints":{"allow":["GET"]}}],"collection":[{"href":"https:\/\/staging.brunoproducts.nl\/pl\/wp-json\/wp\/v2\/product"}],"about":[{"href":"https:\/\/staging.brunoproducts.nl\/pl\/wp-json\/wp\/v2\/types\/product"}],"wp:featuredmedia":[{"embeddable":true,"href":"https:\/\/staging.brunoproducts.nl\/pl\/wp-json\/wp\/v2\/media\/156"}],"wp:attachment":[{"href":"https:\/\/staging.brunoproducts.nl\/pl\/wp-json\/wp\/v2\/media?parent=313"}],"wp:term":[{"taxonomy":"product_brand","embeddable":true,"href":"https:\/\/staging.brunoproducts.nl\/pl\/wp-json\/wp\/v2\/product_brand?post=313"},{"taxonomy":"product_cat","embeddable":true,"href":"https:\/\/staging.brunoproducts.nl\/pl\/wp-json\/wp\/v2\/product_cat?post=313"},{"taxonomy":"product_tag","embeddable":true,"href":"https:\/\/staging.brunoproducts.nl\/pl\/wp-json\/wp\/v2\/product_tag?post=313"}],"curies":[{"name":"wp","href":"https:\/\/api.w.org\/{rel}","templated":true}]}}